{"id":98,"date":"2023-03-09T18:02:47","date_gmt":"2023-03-09T17:02:47","guid":{"rendered":"http:\/\/lindel-galleria.de\/datenschutz\/"},"modified":"2026-02-18T14:32:56","modified_gmt":"2026-02-18T13:32:56","slug":"data-protection","status":"publish","type":"page","link":"http:\/\/lindel-galleria.de\/en\/data-protection\/","title":{"rendered":"Data protection"},"content":{"rendered":"<div id=\"pl-98\"  class=\"panel-layout\" ><div id=\"pg-98-0\"  class=\"panel-grid panel-no-style\" ><div id=\"pgc-98-0-0\"  class=\"panel-grid-cell\" ><div id=\"panel-98-0-0-0\" class=\"so-panel widget panel-first-child panel-last-child\" data-index=\"0\" ><\/div><\/div><\/div><div id=\"pg-98-1\"  class=\"panel-grid panel-no-style\" ><div id=\"pgc-98-1-0\"  class=\"panel-grid-cell\" ><div id=\"panel-98-1-0-0\" class=\"so-panel widget panel-first-child panel-last-child\" data-index=\"1\" ><\/div><\/div><\/div><\/div>","protected":false},"excerpt":{"rendered":"<p>(only available in German) Datenschutzerkl\u00e4rung Diese Datenschutzerkl\u00e4rung kl\u00e4rt Sie \u00fcber die Art, den Umfang und Zweck der Verarbeitung von personenbezogenen Daten (nachfolgend kurz \u201eDaten\u201c) im Rahmen der Erbringung unserer Leistungen sowie innerhalb unseres Onlineangebotes und der mit ihm verbundenen Webseiten, Funktionen und Inhalte sowie externen Onlinepr\u00e4senzen, wie z.B. unser Social Media Profile auf (nachfolgend gemeinsam [&hellip;]<\/p>\n","protected":false},"author":1,"featured_media":0,"parent":0,"menu_order":30,"comment_status":"closed","ping_status":"closed","template":"","meta":{"footnotes":""},"class_list":["post-98","page","type-page","status-publish","hentry","post"],"yoast_head":"<!-- This site is optimized with the Yoast SEO plugin v27.2 - https:\/\/yoast.com\/product\/yoast-seo-wordpress\/ -->\n<title>Data protection - Lindel:Galleria<\/title>\n<meta name=\"robots\" content=\"index, follow, max-snippet:-1, max-image-preview:large, max-video-preview:-1\" \/>\n<link rel=\"canonical\" href=\"http:\/\/lindel-galleria.de\/en\/data-protection\/\" \/>\n<meta property=\"og:locale\" content=\"en_US\" \/>\n<meta property=\"og:type\" content=\"article\" \/>\n<meta property=\"og:title\" content=\"Data protection - Lindel:Galleria\" \/>\n<meta property=\"og:description\" content=\"(only available in German) Datenschutzerkl\u00e4rung Diese Datenschutzerkl\u00e4rung kl\u00e4rt Sie \u00fcber die Art, den Umfang und Zweck der Verarbeitung von personenbezogenen Daten (nachfolgend kurz \u201eDaten\u201c) im Rahmen der Erbringung unserer Leistungen sowie innerhalb unseres Onlineangebotes und der mit ihm verbundenen Webseiten, Funktionen und Inhalte sowie externen Onlinepr\u00e4senzen, wie z.B. unser Social Media Profile auf (nachfolgend gemeinsam [&hellip;]\" \/>\n<meta property=\"og:url\" content=\"http:\/\/lindel-galleria.de\/en\/data-protection\/\" \/>\n<meta property=\"og:site_name\" content=\"Lindel:Galleria\" \/>\n<meta property=\"article:modified_time\" content=\"2026-02-18T13:32:56+00:00\" \/>\n<meta name=\"twitter:card\" content=\"summary_large_image\" \/>\n<meta name=\"twitter:label1\" content=\"Est. reading time\" \/>\n\t<meta name=\"twitter:data1\" content=\"19 minutes\" \/>\n<script type=\"application\/ld+json\" class=\"yoast-schema-graph\">{\"@context\":\"https:\/\/schema.org\",\"@graph\":[{\"@type\":\"WebPage\",\"@id\":\"http:\/\/lindel-galleria.de\/en\/data-protection\/\",\"url\":\"http:\/\/lindel-galleria.de\/en\/data-protection\/\",\"name\":\"Data protection - Lindel:Galleria\",\"isPartOf\":{\"@id\":\"http:\/\/lindel-galleria.de\/en\/#website\"},\"datePublished\":\"2023-03-09T17:02:47+00:00\",\"dateModified\":\"2026-02-18T13:32:56+00:00\",\"breadcrumb\":{\"@id\":\"http:\/\/lindel-galleria.de\/en\/data-protection\/#breadcrumb\"},\"inLanguage\":\"en-US\",\"potentialAction\":[{\"@type\":\"ReadAction\",\"target\":[\"http:\/\/lindel-galleria.de\/en\/data-protection\/\"]}]},{\"@type\":\"BreadcrumbList\",\"@id\":\"http:\/\/lindel-galleria.de\/en\/data-protection\/#breadcrumb\",\"itemListElement\":[{\"@type\":\"ListItem\",\"position\":1,\"name\":\"Startseite\",\"item\":\"http:\/\/lindel-galleria.de\/en\/\"},{\"@type\":\"ListItem\",\"position\":2,\"name\":\"Data protection\"}]},{\"@type\":\"WebSite\",\"@id\":\"http:\/\/lindel-galleria.de\/en\/#website\",\"url\":\"http:\/\/lindel-galleria.de\/en\/\",\"name\":\"Lindel:Galleria\",\"description\":\"Skulpturenevents und Live Acts\",\"potentialAction\":[{\"@type\":\"SearchAction\",\"target\":{\"@type\":\"EntryPoint\",\"urlTemplate\":\"http:\/\/lindel-galleria.de\/en\/?s={search_term_string}\"},\"query-input\":{\"@type\":\"PropertyValueSpecification\",\"valueRequired\":true,\"valueName\":\"search_term_string\"}}],\"inLanguage\":\"en-US\"}]}<\/script>\n<!-- \/ Yoast SEO plugin. -->","yoast_head_json":{"title":"Data protection - Lindel:Galleria","robots":{"index":"index","follow":"follow","max-snippet":"max-snippet:-1","max-image-preview":"max-image-preview:large","max-video-preview":"max-video-preview:-1"},"canonical":"http:\/\/lindel-galleria.de\/en\/data-protection\/","og_locale":"en_US","og_type":"article","og_title":"Data protection - Lindel:Galleria","og_description":"(only available in German) Datenschutzerkl\u00e4rung Diese Datenschutzerkl\u00e4rung kl\u00e4rt Sie \u00fcber die Art, den Umfang und Zweck der Verarbeitung von personenbezogenen Daten (nachfolgend kurz \u201eDaten\u201c) im Rahmen der Erbringung unserer Leistungen sowie innerhalb unseres Onlineangebotes und der mit ihm verbundenen Webseiten, Funktionen und Inhalte sowie externen Onlinepr\u00e4senzen, wie z.B. unser Social Media Profile auf (nachfolgend gemeinsam [&hellip;]","og_url":"http:\/\/lindel-galleria.de\/en\/data-protection\/","og_site_name":"Lindel:Galleria","article_modified_time":"2026-02-18T13:32:56+00:00","twitter_card":"summary_large_image","twitter_misc":{"Est. reading time":"19 minutes"},"schema":{"@context":"https:\/\/schema.org","@graph":[{"@type":"WebPage","@id":"http:\/\/lindel-galleria.de\/en\/data-protection\/","url":"http:\/\/lindel-galleria.de\/en\/data-protection\/","name":"Data protection - Lindel:Galleria","isPartOf":{"@id":"http:\/\/lindel-galleria.de\/en\/#website"},"datePublished":"2023-03-09T17:02:47+00:00","dateModified":"2026-02-18T13:32:56+00:00","breadcrumb":{"@id":"http:\/\/lindel-galleria.de\/en\/data-protection\/#breadcrumb"},"inLanguage":"en-US","potentialAction":[{"@type":"ReadAction","target":["http:\/\/lindel-galleria.de\/en\/data-protection\/"]}]},{"@type":"BreadcrumbList","@id":"http:\/\/lindel-galleria.de\/en\/data-protection\/#breadcrumb","itemListElement":[{"@type":"ListItem","position":1,"name":"Startseite","item":"http:\/\/lindel-galleria.de\/en\/"},{"@type":"ListItem","position":2,"name":"Data protection"}]},{"@type":"WebSite","@id":"http:\/\/lindel-galleria.de\/en\/#website","url":"http:\/\/lindel-galleria.de\/en\/","name":"Lindel:Galleria","description":"Skulpturenevents und Live Acts","potentialAction":[{"@type":"SearchAction","target":{"@type":"EntryPoint","urlTemplate":"http:\/\/lindel-galleria.de\/en\/?s={search_term_string}"},"query-input":{"@type":"PropertyValueSpecification","valueRequired":true,"valueName":"search_term_string"}}],"inLanguage":"en-US"}]}},"_links":{"self":[{"href":"http:\/\/lindel-galleria.de\/en\/wp-json\/wp\/v2\/pages\/98","targetHints":{"allow":["GET"]}}],"collection":[{"href":"http:\/\/lindel-galleria.de\/en\/wp-json\/wp\/v2\/pages"}],"about":[{"href":"http:\/\/lindel-galleria.de\/en\/wp-json\/wp\/v2\/types\/page"}],"author":[{"embeddable":true,"href":"http:\/\/lindel-galleria.de\/en\/wp-json\/wp\/v2\/users\/1"}],"replies":[{"embeddable":true,"href":"http:\/\/lindel-galleria.de\/en\/wp-json\/wp\/v2\/comments?post=98"}],"version-history":[{"count":2,"href":"http:\/\/lindel-galleria.de\/en\/wp-json\/wp\/v2\/pages\/98\/revisions"}],"predecessor-version":[{"id":100,"href":"http:\/\/lindel-galleria.de\/en\/wp-json\/wp\/v2\/pages\/98\/revisions\/100"}],"wp:attachment":[{"href":"http:\/\/lindel-galleria.de\/en\/wp-json\/wp\/v2\/media?parent=98"}],"curies":[{"name":"wp","href":"https:\/\/api.w.org\/{rel}","templated":true}]}}